{"id":260,"date":"2020-05-12T10:53:45","date_gmt":"2020-05-12T08:53:45","guid":{"rendered":"http:\/\/peoplefinder.koeln\/?page_id=260"},"modified":"2020-05-30T00:20:18","modified_gmt":"2020-05-29T22:20:18","slug":"impressum","status":"publish","type":"page","link":"https:\/\/peoplefinder.koeln\/fr\/impressum\/","title":{"rendered":"Mentions l\u00e9gales"},"content":{"rendered":"<div id='av_section_1'  class='avia-section av-av_section-bbedcb0fc457d4319fdb5e628441284c main_color avia-section-default avia-no-border-styling  avia-builder-el-0  avia-builder-el-no-sibling  avia-bg-style-scroll container_wrap fullsize'  ><div class='container av-section-cont-open' ><main  role=\"main\" itemprop=\"mainContentOfPage\"  class='template-page content  av-content-full alpha units'><div class='post-entry post-entry-type-page post-entry-260'><div class='entry-content-wrapper clearfix'>\n\n<style type=\"text\/css\" data-created_by=\"avia_inline_auto\" id=\"style-css-av-ka3obb2g-74b641abcc46078d04d9cc0cff1212e6\">\n#top .av-special-heading.av-ka3obb2g-74b641abcc46078d04d9cc0cff1212e6{\npadding-bottom:10px;\n}\nbody .av-special-heading.av-ka3obb2g-74b641abcc46078d04d9cc0cff1212e6 .av-special-heading-tag .heading-char{\nfont-size:25px;\n}\n.av-special-heading.av-ka3obb2g-74b641abcc46078d04d9cc0cff1212e6 .av-subheading{\nfont-size:15px;\n}\n<\/style>\n<div  class='av-special-heading av-ka3obb2g-74b641abcc46078d04d9cc0cff1212e6 av-special-heading-h1  avia-builder-el-1  el_before_av_textblock  avia-builder-el-first'><h1 class='av-special-heading-tag'  itemprop=\"headline\"  >Mentions l\u00e9gales<\/h1><div class=\"special-heading-border\"><div class=\"special-heading-inner-border\"><\/div><\/div><\/div>\n<section  class='av_textblock_section av-ka3ogo1r-f7c76cc27ae0aa71e1b0581083dbd754'  itemscope=\"itemscope\" itemtype=\"https:\/\/schema.org\/CreativeWork\" ><div class='avia_textblock'  itemprop=\"text\" ><h2>Mentions vis\u00e9es \u00e0 l\u2019article 5 TMG<\/h2>\n<p>Marc Pisula<br \/>\nEifelplatz 21<br \/>\n50677 Cologne, Allemagne<\/p>\n<h2>Contact<\/h2>\n<p>Mobil: +49 (0) 179-4976886<br \/>\nT\u00e9l\u00e9phone: +49 (0) 221-4500226<br \/>\nE-Mail: <a href=\"mailto:info@peoplefinder.koeln\">info@peoplefinder.cologne<\/a><\/p>\n<h3>Responsabilit\u00e9 du contenu<\/h3>\n<p>En tant que fournisseur de services, nous sommes responsables, conform\u00e9ment au \u00a7 7 al. 1 TMG, de nos propres contenus sur ces pages conform\u00e9ment aux lois g\u00e9n\u00e9rales. Conform\u00e9ment aux \u00a7\u00a7 8 \u00e0 10 TMG, nous ne sommes pas tenus, en tant que fournisseur de services, de surveiller les informations de tiers transmises ou stock\u00e9es ou de rechercher des circonstances qui indiquent une activit\u00e9 ill\u00e9gale.<\/p>\n<p>L\u2019obligation de supprimer ou de bloquer l\u2019utilisation des informations en vertu des lois g\u00e9n\u00e9rales n\u2019est pas affect\u00e9e par cette disposition. Toutefois, une responsabilit\u00e9 \u00e0 cet \u00e9gard n\u2019est possible qu\u2019\u00e0 partir du moment o\u00f9 une violation concr\u00e8te a \u00e9t\u00e9 connaissance. Si nous prenons connaissance d\u2019une violation de la loi correspondante, nous supprimerons imm\u00e9diatement ce contenu.<\/p>\n<h3>Responsabilit\u00e9 pour les liens<\/h3>\n<p>Notre offre contient des liens vers des sites Web externes de tiers sur le contenu desquels nous n\u2019avons aucune influence. Par cons\u00e9quent, nous ne pouvons pas non plus \u00eatre responsables de ces contenus \u00e9trangers. Le fournisseur ou l\u2019exploitant des pages li\u00e9es est toujours responsable du contenu des pages li\u00e9es. Les pages li\u00e9es ont \u00e9t\u00e9 v\u00e9rifi\u00e9es au moment de la mise en lien afin de d\u00e9tecter d\u2019\u00e9ventuelles violations de la loi. Le contenu ill\u00e9gal n\u2019\u00e9tait pas identifiable au moment de la mise en lien.<\/p>\n<p>Toutefois, un contr\u00f4le permanent du contenu des pages li\u00e9es n\u2019est pas acceptable en l\u2019absence d\u2019indications concr\u00e8tes d\u2019une violation de la loi. En cas de violation de la loi, nous supprimerons imm\u00e9diatement ces liens.<\/p>\n<h3>Droit d\u2019auteur<\/h3>\n<p>Les contenus et les \u0153uvres cr\u00e9\u00e9s par les exploitants de ces pages sont soumis au droit d\u2019auteur allemand. La reproduction, l\u2019\u00e9dition, la diffusion et toute forme d\u2019exploitation en dehors des limites du droit d\u2019auteur sont subordonn\u00e9es au consentement \u00e9crit de l\u2019auteur ou de l\u2019auteur. Cr\u00e9ateur. Les t\u00e9l\u00e9chargements et copies de ce site ne sont autoris\u00e9s que pour un usage priv\u00e9 et non commercial.<\/p>\n<p>Dans la mesure o\u00f9 le contenu de ce site n\u2019a pas \u00e9t\u00e9 cr\u00e9\u00e9 par l\u2019exploitant, les droits d\u2019auteur de tiers sont respect\u00e9s. En particulier, les contenus de tiers sont marqu\u00e9s comme tels. Si vous \u00eates malgr\u00e9 tout averti d\u2019une violation de droits d\u2019auteur, nous vous demandons de nous le signaler. En cas de violation de la loi, nous supprimerons imm\u00e9diatement ce contenu.<\/p>\n<\/div><\/section>","protected":false},"excerpt":{"rendered":"","protected":false},"author":1,"featured_media":0,"parent":0,"menu_order":0,"comment_status":"closed","ping_status":"closed","template":"","meta":[],"yoast_head":"<!-- This site is optimized with the Yoast SEO plugin v20.0 - https:\/\/yoast.com\/wordpress\/plugins\/seo\/ -->\n<title>Impressum - peoplefinder K\u00f6ln<\/title>\n<meta name=\"robots\" content=\"index, follow, max-snippet:-1, max-image-preview:large, max-video-preview:-1\" \/>\n<link rel=\"canonical\" href=\"https:\/\/peoplefinder.koeln\/fr\/impressum\/\" \/>\n<meta property=\"og:locale\" content=\"fr_FR\" \/>\n<meta property=\"og:type\" content=\"article\" \/>\n<meta property=\"og:title\" content=\"Impressum - peoplefinder K\u00f6ln\" \/>\n<meta property=\"og:url\" content=\"https:\/\/peoplefinder.koeln\/fr\/impressum\/\" \/>\n<meta property=\"og:site_name\" content=\"peoplefinder K\u00f6ln\" \/>\n<meta property=\"article:modified_time\" content=\"2020-05-29T22:20:18+00:00\" \/>\n<meta name=\"twitter:card\" content=\"summary_large_image\" \/>\n<meta name=\"twitter:label1\" content=\"Dur\u00e9e de lecture estim\u00e9e\" \/>\n\t<meta name=\"twitter:data1\" content=\"3 minutes\" \/>\n<script type=\"application\/ld+json\" class=\"yoast-schema-graph\">{\"@context\":\"https:\/\/schema.org\",\"@graph\":[{\"@type\":\"WebPage\",\"@id\":\"https:\/\/peoplefinder.koeln\/impressum\/\",\"url\":\"https:\/\/peoplefinder.koeln\/impressum\/\",\"name\":\"Impressum - peoplefinder K\u00f6ln\",\"isPartOf\":{\"@id\":\"https:\/\/peoplefinder.koeln\/#website\"},\"datePublished\":\"2020-05-12T08:53:45+00:00\",\"dateModified\":\"2020-05-29T22:20:18+00:00\",\"breadcrumb\":{\"@id\":\"https:\/\/peoplefinder.koeln\/impressum\/#breadcrumb\"},\"inLanguage\":\"fr-FR\",\"potentialAction\":[{\"@type\":\"ReadAction\",\"target\":[\"https:\/\/peoplefinder.koeln\/impressum\/\"]}]},{\"@type\":\"BreadcrumbList\",\"@id\":\"https:\/\/peoplefinder.koeln\/impressum\/#breadcrumb\",\"itemListElement\":[{\"@type\":\"ListItem\",\"position\":1,\"name\":\"Startseite\",\"item\":\"https:\/\/peoplefinder.koeln\/\"},{\"@type\":\"ListItem\",\"position\":2,\"name\":\"Impressum\"}]},{\"@type\":\"WebSite\",\"@id\":\"https:\/\/peoplefinder.koeln\/#website\",\"url\":\"https:\/\/peoplefinder.koeln\/\",\"name\":\"peoplefinder K\u00f6ln\",\"description\":\"Consumer Recruitment\",\"potentialAction\":[{\"@type\":\"SearchAction\",\"target\":{\"@type\":\"EntryPoint\",\"urlTemplate\":\"https:\/\/peoplefinder.koeln\/?s={search_term_string}\"},\"query-input\":\"required name=search_term_string\"}],\"inLanguage\":\"fr-FR\"}]}<\/script>\n<!-- \/ Yoast SEO plugin. -->","yoast_head_json":{"title":"Impressum - peoplefinder K\u00f6ln","robots":{"index":"index","follow":"follow","max-snippet":"max-snippet:-1","max-image-preview":"max-image-preview:large","max-video-preview":"max-video-preview:-1"},"canonical":"https:\/\/peoplefinder.koeln\/fr\/impressum\/","og_locale":"fr_FR","og_type":"article","og_title":"Impressum - peoplefinder K\u00f6ln","og_url":"https:\/\/peoplefinder.koeln\/fr\/impressum\/","og_site_name":"peoplefinder K\u00f6ln","article_modified_time":"2020-05-29T22:20:18+00:00","twitter_card":"summary_large_image","twitter_misc":{"Dur\u00e9e de lecture estim\u00e9e":"3 minutes"},"schema":{"@context":"https:\/\/schema.org","@graph":[{"@type":"WebPage","@id":"https:\/\/peoplefinder.koeln\/impressum\/","url":"https:\/\/peoplefinder.koeln\/impressum\/","name":"Impressum - peoplefinder K\u00f6ln","isPartOf":{"@id":"https:\/\/peoplefinder.koeln\/#website"},"datePublished":"2020-05-12T08:53:45+00:00","dateModified":"2020-05-29T22:20:18+00:00","breadcrumb":{"@id":"https:\/\/peoplefinder.koeln\/impressum\/#breadcrumb"},"inLanguage":"fr-FR","potentialAction":[{"@type":"ReadAction","target":["https:\/\/peoplefinder.koeln\/impressum\/"]}]},{"@type":"BreadcrumbList","@id":"https:\/\/peoplefinder.koeln\/impressum\/#breadcrumb","itemListElement":[{"@type":"ListItem","position":1,"name":"Startseite","item":"https:\/\/peoplefinder.koeln\/"},{"@type":"ListItem","position":2,"name":"Impressum"}]},{"@type":"WebSite","@id":"https:\/\/peoplefinder.koeln\/#website","url":"https:\/\/peoplefinder.koeln\/","name":"peoplefinder K\u00f6ln","description":"Consumer Recruitment","potentialAction":[{"@type":"SearchAction","target":{"@type":"EntryPoint","urlTemplate":"https:\/\/peoplefinder.koeln\/?s={search_term_string}"},"query-input":"required name=search_term_string"}],"inLanguage":"fr-FR"}]}},"_links":{"self":[{"href":"https:\/\/peoplefinder.koeln\/fr\/wp-json\/wp\/v2\/pages\/260"}],"collection":[{"href":"https:\/\/peoplefinder.koeln\/fr\/wp-json\/wp\/v2\/pages"}],"about":[{"href":"https:\/\/peoplefinder.koeln\/fr\/wp-json\/wp\/v2\/types\/page"}],"author":[{"embeddable":true,"href":"https:\/\/peoplefinder.koeln\/fr\/wp-json\/wp\/v2\/users\/1"}],"replies":[{"embeddable":true,"href":"https:\/\/peoplefinder.koeln\/fr\/wp-json\/wp\/v2\/comments?post=260"}],"version-history":[{"count":2,"href":"https:\/\/peoplefinder.koeln\/fr\/wp-json\/wp\/v2\/pages\/260\/revisions"}],"predecessor-version":[{"id":665,"href":"https:\/\/peoplefinder.koeln\/fr\/wp-json\/wp\/v2\/pages\/260\/revisions\/665"}],"wp:attachment":[{"href":"https:\/\/peoplefinder.koeln\/fr\/wp-json\/wp\/v2\/media?parent=260"}],"curies":[{"name":"wp","href":"https:\/\/api.w.org\/{rel}","templated":true}]}}