{"id":146,"date":"2020-05-30T00:29:06","date_gmt":"2020-05-29T22:29:06","guid":{"rendered":"http:\/\/peoplefinder.koeln\/?page_id=146"},"modified":"2020-05-30T00:33:32","modified_gmt":"2020-05-29T22:33:32","slug":"datenschutzerklaerung","status":"publish","type":"page","link":"https:\/\/peoplefinder.koeln\/fr\/datenschutzerklaerung\/","title":{"rendered":"D\u00e9claration de confidentialit\u00e9"},"content":{"rendered":"<div id='av_section_1'  class='avia-section av-av_section-bbedcb0fc457d4319fdb5e628441284c main_color avia-section-default avia-no-border-styling  avia-builder-el-0  avia-builder-el-no-sibling  avia-bg-style-scroll container_wrap fullsize'  ><div class='container av-section-cont-open' ><main  role=\"main\" itemprop=\"mainContentOfPage\"  class='template-page content  av-content-full alpha units'><div class='post-entry post-entry-type-page post-entry-146'><div class='entry-content-wrapper clearfix'>\n\n<style type=\"text\/css\" data-created_by=\"avia_inline_auto\" id=\"style-css-av-av_heading-5406052a80948374dec2b44411f1608a\">\n#top .av-special-heading.av-av_heading-5406052a80948374dec2b44411f1608a{\npadding-bottom:10px;\n}\nbody .av-special-heading.av-av_heading-5406052a80948374dec2b44411f1608a .av-special-heading-tag .heading-char{\nfont-size:25px;\n}\n.av-special-heading.av-av_heading-5406052a80948374dec2b44411f1608a .av-subheading{\nfont-size:15px;\n}\n<\/style>\n<div  class='av-special-heading av-av_heading-5406052a80948374dec2b44411f1608a av-special-heading-h1  avia-builder-el-1  el_before_av_textblock  avia-builder-el-first'><h1 class='av-special-heading-tag'  itemprop=\"headline\"  >D\u00e9claration de confidentialit\u00e9<\/h1><div class=\"special-heading-border\"><div class=\"special-heading-inner-border\"><\/div><\/div><\/div>\n<section  class='av_textblock_section av-kass2ux4-dac248b270f52a14ba2b442cb47ba591'  itemscope=\"itemscope\" itemtype=\"https:\/\/schema.org\/CreativeWork\" ><div class='avia_textblock'  itemprop=\"text\" ><h2>1. La protection des donn\u00e9es en un coup d'\u0153il<\/h2>\n<h3>Remarques g\u00e9n\u00e9rales<\/h3>\n<p>Les conseils suivants donnent un aper\u00e7u simple de ce qui se passe avec vos informations personnelles lorsque vous visitez ce site Web. Les donn\u00e9es personnelles sont toutes les donn\u00e9es qui permettent de vous identifier personnellement. Pour plus d\u2019informations sur la protection des donn\u00e9es, veuillez consulter notre d\u00e9claration de confidentialit\u00e9 ci-dessous.<\/p>\n<h3>Collecte de donn\u00e9es sur ce site.<\/h3>\n<p><strong>Qui est responsable de la collecte des donn\u00e9es sur ce site Web?<\/strong><\/p>\n<p>Le traitement des donn\u00e9es sur ce site Web est effectu\u00e9 par l\u2019exploitant du site Web. Ses coordonn\u00e9es sont disponibles dans les mentions l\u00e9gales de ce site.<\/p>\n<p><strong>Comment recueillons-nous vos donn\u00e9es?<\/strong><\/p>\n<p>D\u2019une part, vos donn\u00e9es sont collect\u00e9es quand vous nous les communiqu\u00e9es. Il peut s\u2019agir, par exemple, de donn\u00e9es que vous saisissez dans un formulaire de contact.<\/p>\n<p>D\u2019autres donn\u00e9es sont collect\u00e9es automatiquement ou avec votre consentement lorsque vous visitez le site Web par nos syst\u00e8mes informatiques. Il s\u2019agit principalement de donn\u00e9es techniques (par exemple, navigateur Internet, syst\u00e8me d\u2019exploitation ou heure de la visite de la page). Ces donn\u00e9es sont collect\u00e9es automatiquement d\u00e8s que vous acc\u00e9dez \u00e0 ce site Web.<\/p>\n<p><strong>\u00c0 quoi utilisons-nous vos donn\u00e9es?<\/strong><\/p>\n<p>Une partie des donn\u00e9es est collect\u00e9e afin d\u2019assurer une mise \u00e0 disposition correcte du site Web. D\u2019autres donn\u00e9es peuvent \u00eatre utilis\u00e9es pour analyser votre comportement d\u2019utilisateur.<\/p>\n<p><strong>Quels sont vos droits en ce qui concerne vos donn\u00e9es?<\/strong><\/p>\n<p>Vous avez \u00e0 tout moment le droit d\u2019obtenir gratuitement des informations sur l\u2019origine, le destinataire et la finalit\u00e9 de vos donn\u00e9es personnelles stock\u00e9es. Vous avez \u00e9galement le droit de demander la rectification ou l\u2019effacement de ces donn\u00e9es. Si vous avez donn\u00e9 votre consentement au traitement des donn\u00e9es, vous pouvez le r\u00e9voquer \u00e0 tout moment pour l\u2019avenir. Vous avez \u00e9galement le droit, dans certaines circonstances, d\u2019exiger la limitation du traitement de vos donn\u00e9es personnelles. Vous avez \u00e9galement le droit de porter plainte aupr\u00e8s de l\u2019autorit\u00e9 de surveillance comp\u00e9tente.<\/p>\n<p>Vous pouvez nous contacter \u00e0 tout moment \u00e0 l\u2019adresse indiqu\u00e9e dans les mentions l\u00e9gales, ainsi que pour toute autre question relative \u00e0 la protection des donn\u00e9es.<\/p>\n<h3>Outils d\u2019analyse et outils de fournisseurs tiers<\/h3>\n<p>Lorsque vous visitez ce site Web, votre comportement de navigation peut \u00eatre analys\u00e9 statistiquement. C\u2019est surtout le cas avec ce que l\u2019on appelle les programmes d\u2019analyse.<\/p>\n<p>Vous trouverez des informations d\u00e9taill\u00e9es sur ces programmes d\u2019analyse dans la d\u00e9claration de confidentialit\u00e9 ci-dessous.<\/p>\n<h2>2. H\u00e9bergement et Content Delivery Networks (CDN)<\/h2>\n<h3>H\u00e9bergement externe<\/h3>\n<p>Ce site Web est h\u00e9berg\u00e9 par un prestataire de services externe (h\u00e9bergeur). Les donn\u00e9es personnelles collect\u00e9es sur ce site sont stock\u00e9es sur les serveurs de l\u2019h\u00e9bergeur. Il peut s\u2019agir notamment d\u2019adresses IP, de demandes de contact, de m\u00e9tadonn\u00e9es et de donn\u00e9es de communication, de donn\u00e9es contractuelles, de donn\u00e9es de contact, de noms, d\u2019acc\u00e8s au site Web et d\u2019autres donn\u00e9es g\u00e9n\u00e9r\u00e9es par le biais d\u2019un site Web.<\/p>\n<p>L\u2019utilisation de l\u2019h\u00e9bergeur est effectu\u00e9e aux fins de l\u2019ex\u00e9cution du contrat avec nos clients potentiels et existants (art. 6 paragraphe 1 b RGPD) et dans l\u2019int\u00e9r\u00eat d\u2019une mise \u00e0 disposition s\u00fbre, rapide et efficace de notre offre en ligne par un prestataire professionnel (art. 6 paragraphe 1 f RGPD).<\/p>\n<p>Notre h\u00e9bergeur traitera vos donn\u00e9es uniquement dans la mesure n\u00e9cessaire \u00e0 l\u2019accomplissement de ses obligations de service et conform\u00e9ment \u00e0 nos instructions relatives \u00e0 ces donn\u00e9es<\/p>\n<h2>3. Remarques g\u00e9n\u00e9rales et informations obligatoires<\/h2>\n<h3>Protection des donn\u00e9es<\/h3>\n<p>Les exploitants de ces sites prennent tr\u00e8s au s\u00e9rieux la protection de vos donn\u00e9es personnelles. Nous traitons vos donn\u00e9es personnelles de mani\u00e8re confidentielle et conform\u00e9ment \u00e0 la l\u00e9gislation sur la protection des donn\u00e9es et \u00e0 la pr\u00e9sente d\u00e9claration de confidentialit\u00e9.<\/p>\n<p>Lorsque vous utilisez ce site Web, diff\u00e9rentes donn\u00e9es personnelles sont collect\u00e9es. Les donn\u00e9es personnelles sont des donn\u00e9es qui permettent de vous identifier personnellement. La pr\u00e9sente d\u00e9claration de confidentialit\u00e9 explique quelles donn\u00e9es nous collectons et \u00e0 quelles fins nous les utilisons. Elle explique \u00e9galement comment et dans quel but cela est fait.<\/p>\n<p>Nous attirons votre attention sur le fait que la transmission de donn\u00e9es sur Internet (par exemple lors de la communication par e-mail) peut pr\u00e9senter des failles de s\u00e9curit\u00e9. Une protection compl\u00e8te des donn\u00e9es contre l\u2019acc\u00e8s par des tiers n\u2019est pas possible.<\/p>\n<h3>L\u2019indication sur l\u2019organisme responsable<\/h3>\n<p>Le responsable du traitement des donn\u00e9es sur ce site web est:<\/p>\n<p>Marc Pisula<br \/>\nEifelplatz 21<br \/>\n50677 Cologne, Allemagne<\/p>\n<p>T\u00e9l\u00e9phone: +49 (0) 221-4500226<br \/>\nE-Mail: info@peoplefinder.koeln<\/p>\n<p>L\u2019autorit\u00e9 responsable est la personne physique ou morale qui d\u00e9cide, seule ou conjointement avec d\u2019autres, des finalit\u00e9s et des moyens du traitement des donn\u00e9es \u00e0 caract\u00e8re personnel (par exemple, nom, adresse e-mail, etc. ).<\/p>\n<h3>Le retrait de votre consentement au traitement des donn\u00e9es<\/h3>\n<p>De nombreuses op\u00e9rations de traitement des donn\u00e9es ne sont possibles qu\u2019avec votre consentement expr\u00e8s. Vous pouvez r\u00e9voquer \u00e0 tout moment un consentement d\u00e9j\u00e0 donn\u00e9. La lic\u00e9it\u00e9 du traitement des donn\u00e9es effectu\u00e9 jusqu\u2019\u00e0 la r\u00e9vocation n\u2019est pas affect\u00e9e par la r\u00e9vocation.<\/p>\n<h3>Droit d\u2019opposition \u00e0 la collecte de donn\u00e9es dans des cas particuliers et au publipostage (art. 21 RGPD)<\/h3>\n<p>Si le traitement des donn\u00e9es est bas\u00e9 sur art.6 paragraphe 1. E ou F RGPD, vous avez \u00e0 tout moment le droit de vous opposer au traitement de vos donn\u00e9es personnelles pour des raisons d\u00e9coulant de votre situation particuli\u00e8re; Il en va de m\u00eame pour le profilage fond\u00e9 sur ces dispositions. La base juridique sur laquelle se fonde le traitement est indiqu\u00e9e dans la pr\u00e9sente d\u00e9claration de confidentialit\u00e9. Si vous vous opposez, nous ne traiterons plus vos donn\u00e9es personnelles concern\u00e9es, sauf si nous pouvons prouver que des raisons imp\u00e9rieuses et l\u00e9gitimes justifient le traitement, qui l\u2019emportent sur vos int\u00e9r\u00eats, droits et libert\u00e9s, ou si le traitement est utilis\u00e9 pour faire valoir, exercer ou d\u00e9fendre des pr\u00e9rogatives juridiques (Opposition selon art 21 paragraphe 1 RGPD).<\/p>\n<p>Si vos donn\u00e9es personnelles sont trait\u00e9es \u00e0 des fins de prospection directe, vous avez le droit de vous opposer \u00e0 tout moment au traitement des donn\u00e9es personnelles vous concernant \u00e0 des fins publicitaires. Il en va de m\u00eame pour le profilage, dans la mesure o\u00f9 il est li\u00e9 \u00e0 ce type de publicit\u00e9 directe. Si vous vous y opposez, vos donn\u00e9es personnelles ne seront plus utilis\u00e9es \u00e0 des fins de prospection directe (Opposition selon art. 21 paragraphe 2 RGPD).<\/p>\n<h3>Le droit de recours aupr\u00e8s de l\u2019autorit\u00e9 de surveillance comp\u00e9tente<\/h3>\n<p>En cas d\u2019infraction au RGPD, les personnes concern\u00e9es ont le droit de porter plainte aupr\u00e8s d\u2019une autorit\u00e9 de contr\u00f4le, en particulier dans l\u2019\u00c9tat membre o\u00f9 elles r\u00e9sident habituellement, travaillent ou sont soup\u00e7onn\u00e9s d\u2019avoir commis l\u2019infraction. Le droit de recours est sans pr\u00e9judice de tout autre recours administratif ou judiciaire.<\/p>\n<h3>Droit \u00e0 la portabilit\u00e9 des donn\u00e9es<\/h3>\n<p>Vous avez le droit de faire transf\u00e9rer \u00e0 vous-m\u00eame ou \u00e0 un tiers les donn\u00e9es que nous traitons automatiquement sur la base de votre consentement ou en ex\u00e9cution d\u2019un contrat, dans un format couramment lisible par machine. Si vous demandez le transfert direct des donn\u00e9es \u00e0 un autre responsable du traitement, cela n\u2019a lieu que dans la mesure o\u00f9 cela est techniquement possible.<\/p>\n<h3>Cryptage SSL ou TLS<\/h3>\n<p>Pour des raisons de s\u00e9curit\u00e9 et afin de prot\u00e9ger la transmission de contenus confidentiels, tels que les commandes ou les demandes que vous nous envoyez en tant qu\u2019exploitant du site, ce site utilise un protocole cryptage SSL ou TLS. Vous reconnaissez une connexion chiffr\u00e9e \u00e0 la ligne d\u2019adresse du navigateur qui passe de \" https:\/\/ \" \u00e0 \" https:\/\/ \" et \u00e0 l\u2019ic\u00f4ne de cadenas dans votre ligne de navigateur.<\/p>\n<p>Si le cryptage SSL ou TLS est activ\u00e9, les donn\u00e9es que vous nous transmettez ne peuvent pas \u00eatre lues par des tiers.<\/p>\n<h3>Renseignement, effacement et rectification<\/h3>\n<p>Dans le cadre des dispositions l\u00e9gales en vigueur, vous avez \u00e0 tout moment le droit d\u2019\u00eatre inform\u00e9 gratuitement de vos donn\u00e9es personnelles stock\u00e9es, de leur origine et de leurs destinataires, de la finalit\u00e9 du traitement des donn\u00e9es et, s\u2019il y a lieu. un droit de rectification ou d\u2019effacement de ces donn\u00e9es. Vous pouvez nous contacter \u00e0 tout moment \u00e0 l\u2019adresse indiqu\u00e9e dans les mentions l\u00e9gales, ainsi que pour toute autre question concernant les donn\u00e9es personnelles<\/p>\n<h3>Droit \u00e0 la limitation du traitement<\/h3>\n<p>Vous avez le droit de demander la limitation du traitement de vos donn\u00e9es personnelles. Pour ce faire, vous pouvez nous contacter \u00e0 tout moment \u00e0 l\u2019adresse indiqu\u00e9e dans les mentions l\u00e9gales. Le droit de limiter le traitement existe dans les cas suivants:<\/p>\n<ul>\n<li>Si vous niez l\u2019exactitude de vos donn\u00e9es personnelles que nous d\u00e9tenons, nous avons g\u00e9n\u00e9ralement besoin de temps pour le v\u00e9rifier. Pendant la dur\u00e9e de l\u2019examen, vous avez le droit de demander la limitation du traitement de vos donn\u00e9es personnelles.<\/li>\n<li>Si le traitement de vos donn\u00e9es personnelles a \u00e9t\u00e9\/est effectu\u00e9 ill\u00e9galement, vous pouvez demander la limitation du traitement au lieu de l\u2019effacement.<\/li>\n<li>Si nous n\u2019avons plus besoin de vos donn\u00e9es personnelles, mais que vous en avez besoin pour exercer, d\u00e9fendre ou faire valoir des droits l\u00e9gaux, vous avez le droit d\u2019exiger la limitation du traitement de vos donn\u00e9es personnelles au lieu de leur suppression.<\/li>\n<li>Si vous avez une contradiction de l\u2019art. 21 paragraphe 1 RGPD, un \u00e9quilibre doit \u00eatre \u00e9tabli entre vos int\u00e9r\u00eats et les n\u00f4tres. Tant qu\u2019il n\u2019est pas encore possible de d\u00e9terminer quels int\u00e9r\u00eats l\u2019emportent, vous avez le droit d\u2019exiger la limitation du traitement de vos donn\u00e9es personnelles.<\/li>\n<\/ul>\n<p>Si vous avez limit\u00e9 le traitement de vos donn\u00e9es \u00e0 caract\u00e8re personnel, celles-ci, \u00e0 l\u2019exception de leur stockage, ne peuvent \u00eatre trait\u00e9es qu\u2019avec votre consentement ou pour faire valoir, exercer ou d\u00e9fendre des droits l\u00e9gaux ou pour prot\u00e9ger les droits d\u2019une autre personne physique ou morale, ou pour des raisons d\u2019int\u00e9r\u00eat public important de l\u2019Union europ\u00e9enne ou d\u2019un \u00c9tat membre.<\/p>\n<h2>4. Collecte de donn\u00e9es sur ce site<\/h2>\n<h3>Cookies<\/h3>\n<p>Nos sites Internet utilisent des \u00abcookies. \u00bb Les cookies sont de petits fichiers texte et n\u2019endommageront pas votre appareil. Ils sont stock\u00e9s sur votre appareil soit temporairement pendant la dur\u00e9e d\u2019une session (cookies de session), soit de fa\u00e7on permanente (cookies permanents). Les cookies de session sont automatiquement supprim\u00e9s \u00e0 la fin de votre visite. Les cookies permanents restent stock\u00e9s sur votre appareil jusqu\u2019\u00e0 ce que vous les supprimiez vous-m\u00eame ou que votre navigateur Web les supprime automatiquement.<\/p>\n<p>Dans certains cas, des cookies tiers peuvent \u00e9galement \u00eatre enregistr\u00e9s sur votre appareil lorsque vous acc\u00e9dez \u00e0 notre site (cookies tiers). Ceux-ci nous permettent ou vous permettent d\u2019utiliser certains services de la soci\u00e9t\u00e9 tierce (par exemple: Cookies utilil\u00e9s pour l\u2019ex\u00e9cution des services de paiement).<\/p>\n<p>Les cookies ont diff\u00e9rentes fonctions. De nombreux cookies sont techniquement n\u00e9cessaires, car certaines fonctionnalit\u00e9s du site Web ne fonctionneraient pas sans eux (par exemple: Par exemple, la fonction de panier ou l\u2019affichage de vid\u00e9os). D\u2019autres cookies servent \u00e0 \u00e9valuer le comportement de l\u2019utilisateur ou \u00e0 afficher des publicit\u00e9s.<\/p>\n<p>Cookies utilis\u00e9s pour effectuer le processus de communication \u00e9lectronique (cookies n\u00e9cessaires) ou pour fournir certaines fonctionnalit\u00e9s que vous souhaitez (cookies fonctionnels, par exemple pour la fonction de panier) ou pour optimiser le site (par exemple: B. Cookies pour mesurer l\u2019audience Web) sont n\u00e9cessaires sur la base de l\u2019art. 6 paragraphe. 1 f RGPD, sauf indication d\u2019une autre base juridique. L\u2019exploitant du site Web a un int\u00e9r\u00eat l\u00e9gitime \u00e0 stocker des cookies pour fournir ses services de mani\u00e8re techniquement sans erreur et optimis\u00e9e. Dans la mesure o\u00f9 un consentement \u00e0 l\u2019enregistrement des cookies a \u00e9t\u00e9 demand\u00e9, le stockage des cookies concern\u00e9s est effectu\u00e9 uniquement sur la base de ce consentement (art. 6 paragraphe 1. a RGPD); le consentement peut \u00eatre r\u00e9voqu\u00e9 \u00e0 tout moment.<\/p>\n<p>Vous pouvez param\u00e9trer votre navigateur pour \u00eatre inform\u00e9 de l\u2019installation de cookies et autoriser les cookies uniquement dans des cas particuliers, les refuser dans certains cas ou de mani\u00e8re g\u00e9n\u00e9rale, et activer la suppression automatique des cookies lors de la fermeture du navigateur. Si vous d\u00e9sactivez les cookies, la fonctionnalit\u00e9 de ce site Web peut \u00eatre limit\u00e9e.<\/p>\n<p>Lorsque des cookies sont utilis\u00e9s par des tiers ou \u00e0 des fins d\u2019analyse, nous vous en informerons s\u00e9par\u00e9ment dans le cadre de la pr\u00e9sente d\u00e9claration de confidentialit\u00e9 et, le cas \u00e9ch\u00e9ant, demander un consentement.<\/p>\n<h3>Autorisez les cookies avec le cookie Borlabs<\/h3>\n<p>Notre site utilise la technologie de consentement aux cookies de Borlabs Cookie pour obtenir votre consentement \u00e0 l\u2019enregistrement de certains cookies dans votre navigateur et pour documenter ces cookies conform\u00e9ment \u00e0 la protection des donn\u00e9es. Le fournisseur de cette technologie est Borlabs \u2013 Benjamin A. Bornschein, Georg-Wilhelm-Str. 17, 21107 Hamburg (ci-apr\u00e8s \u00abBorlabs\u00bb).<\/p>\n<p>Lorsque vous acc\u00e9dez \u00e0 notre site Web, un cookie Borlabs est enregistr\u00e9 dans votre navigateur, dans lequel les consentements que vous avez accord\u00e9s ou la r\u00e9vocation de ces consentements sont enregistr\u00e9s. Ces donn\u00e9es ne sont pas transmises au fournisseur du cookie de Borlabs.<\/p>\n<p>Les donn\u00e9es collect\u00e9es sont conserv\u00e9es jusqu\u2019\u00e0 ce que vous nous demandez de les effacer ou de les effacer. supprimer le cookie Borlabs lui-m\u00eame ou supprimer la finalit\u00e9 du stockage des donn\u00e9es. Les d\u00e9lais de conservation obligatoires ne sont pas affect\u00e9s. Pour plus d\u2019informations sur le traitement des donn\u00e9es de Borlabs Cookie, veuillez consulter le site <a href=\"https:\/\/de.borlabs.io\/kb\/welche-daten-speichert-borlabs-cookie\/\" target=\"_blank\" rel=\"noopener noreferrer\">https:\/\/de.borlabs.io\/kb\/welche-daten-speichert-borlabs-cookie\/<\/a><\/p>\n<p>La technologie de consentement aux cookies Borlabs est utilis\u00e9e pour obtenir les consentements requis par la loi pour l\u2019utilisation des cookies. La base juridique est l\u2019Art. 6 paragraphe 1S. 1 c RGPD.<\/p>\n<h3>Demande par e-mail, t\u00e9l\u00e9phone ou t\u00e9l\u00e9copie<\/h3>\n<p>Si vous nous contactez par e-mail, t\u00e9l\u00e9phone ou t\u00e9l\u00e9copieur, votre demande, y compris toutes les donn\u00e9es personnelles qui en d\u00e9coulent (nom, demande), sera stock\u00e9e et trait\u00e9e par nous aux fins du traitement de votre demande. Nous ne transmettons pas ces donn\u00e9es sans votre consentement.<\/p>\n<p>Le traitement de ces donn\u00e9es est effectu\u00e9 sur la base de l\u2019art. 6 paragraphe 1 b RGPD, si votre demande est li\u00e9e \u00e0 l\u2019ex\u00e9cution d\u2019un contrat ou est n\u00e9cessaire \u00e0 la r\u00e9alisation de mesures pr\u00e9contractuelle. Dans tous les autres cas, le traitement est fond\u00e9 sur notre int\u00e9r\u00eat l\u00e9gitime au traitement effectif des demandes qui nous sont adress\u00e9es (art. 6 paragraphe 1 f RGPD) ou avec votre consentement (art. 6 paragraphe 1 a RGPD) si elle a \u00e9t\u00e9 interrog\u00e9e.<\/p>\n<p>Les donn\u00e9es que vous nous envoyez par demande de contact restent avec nous jusqu\u2019\u00e0 ce que vous nous enjoignez de les supprimer, que vous r\u00e9voquiez votre consentement au stockage ou que la finalit\u00e9 du stockage des donn\u00e9es n\u2019ait plus cours (par exemple, apr\u00e8s le traitement de votre demande). Les dispositions l\u00e9gales imp\u00e9ratives, en particulier les d\u00e9lais de conservation l\u00e9gaux, ne sont pas affect\u00e9es.<\/p>\n<\/div><\/section>","protected":false},"excerpt":{"rendered":"","protected":false},"author":1,"featured_media":0,"parent":0,"menu_order":0,"comment_status":"closed","ping_status":"closed","template":"","meta":[],"yoast_head":"<!-- This site is optimized with the Yoast SEO plugin v20.0 - https:\/\/yoast.com\/wordpress\/plugins\/seo\/ -->\n<title>Datenschutzerkl\u00e4rung - peoplefinder K\u00f6ln<\/title>\n<meta name=\"robots\" content=\"index, follow, max-snippet:-1, max-image-preview:large, max-video-preview:-1\" \/>\n<link rel=\"canonical\" href=\"https:\/\/peoplefinder.koeln\/fr\/datenschutzerklaerung\/\" \/>\n<meta property=\"og:locale\" content=\"fr_FR\" \/>\n<meta property=\"og:type\" content=\"article\" \/>\n<meta property=\"og:title\" content=\"Datenschutzerkl\u00e4rung - peoplefinder K\u00f6ln\" \/>\n<meta property=\"og:url\" content=\"https:\/\/peoplefinder.koeln\/fr\/datenschutzerklaerung\/\" \/>\n<meta property=\"og:site_name\" content=\"peoplefinder K\u00f6ln\" \/>\n<meta property=\"article:modified_time\" content=\"2020-05-29T22:33:32+00:00\" \/>\n<meta name=\"twitter:card\" content=\"summary_large_image\" \/>\n<meta name=\"twitter:label1\" content=\"Dur\u00e9e de lecture estim\u00e9e\" \/>\n\t<meta name=\"twitter:data1\" content=\"11 minutes\" \/>\n<script type=\"application\/ld+json\" class=\"yoast-schema-graph\">{\"@context\":\"https:\/\/schema.org\",\"@graph\":[{\"@type\":\"WebPage\",\"@id\":\"https:\/\/peoplefinder.koeln\/datenschutzerklaerung\/\",\"url\":\"https:\/\/peoplefinder.koeln\/datenschutzerklaerung\/\",\"name\":\"Datenschutzerkl\u00e4rung - peoplefinder K\u00f6ln\",\"isPartOf\":{\"@id\":\"https:\/\/peoplefinder.koeln\/#website\"},\"datePublished\":\"2020-05-29T22:29:06+00:00\",\"dateModified\":\"2020-05-29T22:33:32+00:00\",\"breadcrumb\":{\"@id\":\"https:\/\/peoplefinder.koeln\/datenschutzerklaerung\/#breadcrumb\"},\"inLanguage\":\"fr-FR\",\"potentialAction\":[{\"@type\":\"ReadAction\",\"target\":[\"https:\/\/peoplefinder.koeln\/datenschutzerklaerung\/\"]}]},{\"@type\":\"BreadcrumbList\",\"@id\":\"https:\/\/peoplefinder.koeln\/datenschutzerklaerung\/#breadcrumb\",\"itemListElement\":[{\"@type\":\"ListItem\",\"position\":1,\"name\":\"Startseite\",\"item\":\"https:\/\/peoplefinder.koeln\/\"},{\"@type\":\"ListItem\",\"position\":2,\"name\":\"Datenschutzerkl\u00e4rung\"}]},{\"@type\":\"WebSite\",\"@id\":\"https:\/\/peoplefinder.koeln\/#website\",\"url\":\"https:\/\/peoplefinder.koeln\/\",\"name\":\"peoplefinder K\u00f6ln\",\"description\":\"Consumer Recruitment\",\"potentialAction\":[{\"@type\":\"SearchAction\",\"target\":{\"@type\":\"EntryPoint\",\"urlTemplate\":\"https:\/\/peoplefinder.koeln\/?s={search_term_string}\"},\"query-input\":\"required name=search_term_string\"}],\"inLanguage\":\"fr-FR\"}]}<\/script>\n<!-- \/ Yoast SEO plugin. -->","yoast_head_json":{"title":"Datenschutzerkl\u00e4rung - peoplefinder K\u00f6ln","robots":{"index":"index","follow":"follow","max-snippet":"max-snippet:-1","max-image-preview":"max-image-preview:large","max-video-preview":"max-video-preview:-1"},"canonical":"https:\/\/peoplefinder.koeln\/fr\/datenschutzerklaerung\/","og_locale":"fr_FR","og_type":"article","og_title":"Datenschutzerkl\u00e4rung - peoplefinder K\u00f6ln","og_url":"https:\/\/peoplefinder.koeln\/fr\/datenschutzerklaerung\/","og_site_name":"peoplefinder K\u00f6ln","article_modified_time":"2020-05-29T22:33:32+00:00","twitter_card":"summary_large_image","twitter_misc":{"Dur\u00e9e de lecture estim\u00e9e":"11 minutes"},"schema":{"@context":"https:\/\/schema.org","@graph":[{"@type":"WebPage","@id":"https:\/\/peoplefinder.koeln\/datenschutzerklaerung\/","url":"https:\/\/peoplefinder.koeln\/datenschutzerklaerung\/","name":"Datenschutzerkl\u00e4rung - peoplefinder K\u00f6ln","isPartOf":{"@id":"https:\/\/peoplefinder.koeln\/#website"},"datePublished":"2020-05-29T22:29:06+00:00","dateModified":"2020-05-29T22:33:32+00:00","breadcrumb":{"@id":"https:\/\/peoplefinder.koeln\/datenschutzerklaerung\/#breadcrumb"},"inLanguage":"fr-FR","potentialAction":[{"@type":"ReadAction","target":["https:\/\/peoplefinder.koeln\/datenschutzerklaerung\/"]}]},{"@type":"BreadcrumbList","@id":"https:\/\/peoplefinder.koeln\/datenschutzerklaerung\/#breadcrumb","itemListElement":[{"@type":"ListItem","position":1,"name":"Startseite","item":"https:\/\/peoplefinder.koeln\/"},{"@type":"ListItem","position":2,"name":"Datenschutzerkl\u00e4rung"}]},{"@type":"WebSite","@id":"https:\/\/peoplefinder.koeln\/#website","url":"https:\/\/peoplefinder.koeln\/","name":"peoplefinder K\u00f6ln","description":"Consumer Recruitment","potentialAction":[{"@type":"SearchAction","target":{"@type":"EntryPoint","urlTemplate":"https:\/\/peoplefinder.koeln\/?s={search_term_string}"},"query-input":"required name=search_term_string"}],"inLanguage":"fr-FR"}]}},"_links":{"self":[{"href":"https:\/\/peoplefinder.koeln\/fr\/wp-json\/wp\/v2\/pages\/146"}],"collection":[{"href":"https:\/\/peoplefinder.koeln\/fr\/wp-json\/wp\/v2\/pages"}],"about":[{"href":"https:\/\/peoplefinder.koeln\/fr\/wp-json\/wp\/v2\/types\/page"}],"author":[{"embeddable":true,"href":"https:\/\/peoplefinder.koeln\/fr\/wp-json\/wp\/v2\/users\/1"}],"replies":[{"embeddable":true,"href":"https:\/\/peoplefinder.koeln\/fr\/wp-json\/wp\/v2\/comments?post=146"}],"version-history":[{"count":2,"href":"https:\/\/peoplefinder.koeln\/fr\/wp-json\/wp\/v2\/pages\/146\/revisions"}],"predecessor-version":[{"id":1256,"href":"https:\/\/peoplefinder.koeln\/fr\/wp-json\/wp\/v2\/pages\/146\/revisions\/1256"}],"wp:attachment":[{"href":"https:\/\/peoplefinder.koeln\/fr\/wp-json\/wp\/v2\/media?parent=146"}],"curies":[{"name":"wp","href":"https:\/\/api.w.org\/{rel}","templated":true}]}}